{"id":217,"date":"2024-07-04T16:41:12","date_gmt":"2024-07-04T16:41:12","guid":{"rendered":"https:\/\/linjecon.no\/?page_id=217"},"modified":"2024-08-20T08:22:28","modified_gmt":"2024-08-20T08:22:28","slug":"mot-vare-ansatte","status":"publish","type":"page","link":"https:\/\/linjecon.no\/index.php\/mot-vare-ansatte\/","title":{"rendered":"M\u00f8t v\u00e5re ansatte"},"content":{"rendered":"\n<h2 class=\"wp-block-heading\">Jan Inge Westermann<\/h2>\n\n\n\n<p>Daglig leder og Kvalitetskoordinator\/ byggekontroll\u00f8r i Linjeconsult.<\/p>\n\n\n\n<p>Jobbet med forskaling av fundamenter. Bygging av h\u00f8yspentlinjer. Vedlikehold og tilstandskontroll av h\u00f8yspentlinjer. Prosjektleder og anleggsleder. \u00a0Siste 11 \u00e5r som byggekontroll\u00f8r\/kvalitetskoordinator for entrepren\u00f8r og byggherre. I den forbindelse ligger det inne oppf\u00f8lging av HMS, ytre milj\u00f8 og et par KU-roller.<\/p>\n\n\n\n<h2 class=\"wp-block-heading\">Bj\u00f8rn-Hallvard Seljeskog<\/h2>\n\n\n\n<p>Kvalitetskontroll\u00f8r\/Byggekontroll\u00f8r i Linjeconsult<\/p>\n\n\n\n<p>Fagbrev som Energimont\u00f8r, jobbet med drift og vedlikehold.                                                                                                                                                                        Anleggsleder i 10\u00e5r hos entrepren\u00f8r innenfor kraftlinjebygging.<\/p>\n","protected":false},"excerpt":{"rendered":"<p>Jan Inge Westermann Daglig leder og Kvalitetskoordinator\/ byggekontroll\u00f8r i Linjeconsult. Jobbet med forskaling av fundamenter. Bygging av h\u00f8yspentlinjer. Vedlikehold og [&hellip;]<\/p>\n","protected":false},"author":1,"featured_media":0,"parent":0,"menu_order":0,"comment_status":"closed","ping_status":"closed","template":"","meta":{"site-sidebar-layout":"default","site-content-layout":"","ast-site-content-layout":"","site-content-style":"default","site-sidebar-style":"default","ast-global-header-display":"","ast-banner-title-visibility":"","ast-main-header-display":"","ast-hfb-above-header-display":"","ast-hfb-below-header-display":"","ast-hfb-mobile-header-display":"","site-post-title":"","ast-breadcrumbs-content":"","ast-featured-img":"","footer-sml-layout":"","theme-transparent-header-meta":"","adv-header-id-meta":"","stick-header-meta":"","header-above-stick-meta":"","header-main-stick-meta":"","header-below-stick-meta":"","astra-migrate-meta-layouts":"default","ast-page-background-enabled":"default","ast-page-background-meta":{"desktop":{"background-color":"var(--ast-global-color-4)","background-image":"","background-repeat":"repeat","background-position":"center center","background-size":"auto","background-attachment":"scroll","background-type":"","background-media":"","overlay-type":"","overlay-color":"","overlay-opacity":"","overlay-gradient":""},"tablet":{"background-color":"","background-image":"","background-repeat":"repeat","background-position":"center center","background-size":"auto","background-attachment":"scroll","background-type":"","background-media":"","overlay-type":"","overlay-color":"","overlay-opacity":"","overlay-gradient":""},"mobile":{"background-color":"","background-image":"","background-repeat":"repeat","background-position":"center center","background-size":"auto","background-attachment":"scroll","background-type":"","background-media":"","overlay-type":"","overlay-color":"","overlay-opacity":"","overlay-gradient":""}},"ast-content-background-meta":{"desktop":{"background-color":"var(--ast-global-color-5)","background-image":"","background-repeat":"repeat","background-position":"center center","background-size":"auto","background-attachment":"scroll","background-type":"","background-media":"","overlay-type":"","overlay-color":"","overlay-opacity":"","overlay-gradient":""},"tablet":{"background-color":"var(--ast-global-color-5)","background-image":"","background-repeat":"repeat","background-position":"center center","background-size":"auto","background-attachment":"scroll","background-type":"","background-media":"","overlay-type":"","overlay-color":"","overlay-opacity":"","overlay-gradient":""},"mobile":{"background-color":"var(--ast-global-color-5)","background-image":"","background-repeat":"repeat","background-position":"center center","background-size":"auto","background-attachment":"scroll","background-type":"","background-media":"","overlay-type":"","overlay-color":"","overlay-opacity":"","overlay-gradient":""}},"footnotes":""},"class_list":["post-217","page","type-page","status-publish","hentry"],"aioseo_notices":[],"_links":{"self":[{"href":"https:\/\/linjecon.no\/index.php\/wp-json\/wp\/v2\/pages\/217","targetHints":{"allow":["GET"]}}],"collection":[{"href":"https:\/\/linjecon.no\/index.php\/wp-json\/wp\/v2\/pages"}],"about":[{"href":"https:\/\/linjecon.no\/index.php\/wp-json\/wp\/v2\/types\/page"}],"author":[{"embeddable":true,"href":"https:\/\/linjecon.no\/index.php\/wp-json\/wp\/v2\/users\/1"}],"replies":[{"embeddable":true,"href":"https:\/\/linjecon.no\/index.php\/wp-json\/wp\/v2\/comments?post=217"}],"version-history":[{"count":5,"href":"https:\/\/linjecon.no\/index.php\/wp-json\/wp\/v2\/pages\/217\/revisions"}],"predecessor-version":[{"id":426,"href":"https:\/\/linjecon.no\/index.php\/wp-json\/wp\/v2\/pages\/217\/revisions\/426"}],"wp:attachment":[{"href":"https:\/\/linjecon.no\/index.php\/wp-json\/wp\/v2\/media?parent=217"}],"curies":[{"name":"wp","href":"https:\/\/api.w.org\/{rel}","templated":true}]}}