{"id":48,"date":"2024-07-04T06:07:31","date_gmt":"2024-07-04T06:07:31","guid":{"rendered":"https:\/\/linjecon.no\/?page_id=48"},"modified":"2024-07-08T18:42:25","modified_gmt":"2024-07-08T18:42:25","slug":"om-oss","status":"publish","type":"page","link":"https:\/\/linjecon.no\/index.php\/om-oss\/","title":{"rendered":"Om oss"},"content":{"rendered":"\n<div class=\"wp-block-media-text alignfull is-stacked-on-mobile is-vertically-aligned-center has-ast-global-color-4-background-color has-background\"><figure class=\"wp-block-media-text__media\"><img loading=\"lazy\" decoding=\"async\" width=\"960\" height=\"640\" src=\"https:\/\/linjecon.no\/wp-content\/uploads\/2024\/07\/image.jpeg\" alt=\"\" class=\"wp-image-154 size-full\" srcset=\"https:\/\/linjecon.no\/wp-content\/uploads\/2024\/07\/image.jpeg 960w, https:\/\/linjecon.no\/wp-content\/uploads\/2024\/07\/image-300x200.jpeg 300w, https:\/\/linjecon.no\/wp-content\/uploads\/2024\/07\/image-768x512.jpeg 768w\" sizes=\"auto, (max-width: 960px) 100vw, 960px\" \/><\/figure><div class=\"wp-block-media-text__content\">\n<h3 class=\"wp-block-heading has-text-align-center has-text-color\" style=\"color:#000000\"><strong>Linjeconsult AS<\/strong><\/h3>\n\n\n\n<p><strong>Linjeconsult, er det nye firmanavnet til Ide og utvikling, som ble etablert som aksjeselskap i 2009 og holder til i Bod\u00f8.&nbsp;<\/strong><\/p>\n\n\n\n<p><strong>Montasje av topphetter og selve topphetten til kraftledningsstolper har v\u00e6rt utgangspunktet for firmaet.&nbsp;<\/strong><\/p>\n\n\n\n<p><strong>Linjeconsult&nbsp; har i de siste 10 \u00e5rene spesialisert seg p\u00e5 kvalitetsoppf\u00f8lging\/byggekontroll av h\u00f8yspentlinjer p\u00e5 spenningsniv\u00e5ene fra 22kv til 132kv.<\/strong><\/p>\n<\/div><\/div>\n\n\n\n<div class=\"wp-block-buttons is-layout-flex wp-block-buttons-is-layout-flex\">\n<div class=\"wp-block-button\"><a class=\"wp-block-button__link wp-element-button\" href=\"https:\/\/linjecon.no\/index.php\/privacy-policy\/\">GDPR<\/a><\/div>\n<\/div>\n\n\n\n<hr class=\"wp-block-separator has-alpha-channel-opacity\"\/>\n\n\n\n<h2 class=\"wp-block-heading\">Litt info om Linjeconsult AS<\/h2>\n\n\n\n<ul class=\"wp-block-list\">\n<li>Ide og utvikling As etablert i 2009.\u00a0\u200b<\/li>\n\n\n\n<li>Byttet navn til Linjeconsult AS i 2024\u200b<\/li>\n\n\n\n<li>Utf\u00f8rer tjenester for b\u00e5de byggherre og entrepren\u00f8rer i prosjekter\u00a0\u200b<\/li>\n\n\n\n<li>Spesialisert oss p\u00e5 byggekontroll og tilstandskontroll av kraftlinjer.\u200b<\/li>\n\n\n\n<li>Utviklet et montasjesett for montering av topphetter AUS.\u200b<\/li>\n\n\n\n<li>Selger sidemonterte topphetter fra 150-400mm.\u00a0\u200b<\/li>\n\n\n\n<li>Eneste produsent i Norge av sidemonterte topphetter over 320 mm. (designbeskyttet).\u200b<\/li>\n\n\n\n<li><\/li>\n<\/ul>\n\n\n\n<p><\/p>\n","protected":false},"excerpt":{"rendered":"<p>Linjeconsult AS Linjeconsult, er det nye firmanavnet til Ide og utvikling, som ble etablert som aksjeselskap i 2009 og holder [&hellip;]<\/p>\n","protected":false},"author":1,"featured_media":0,"parent":0,"menu_order":0,"comment_status":"closed","ping_status":"closed","template":"","meta":{"site-sidebar-layout":"default","site-content-layout":"","ast-site-content-layout":"","site-content-style":"default","site-sidebar-style":"default","ast-global-header-display":"","ast-banner-title-visibility":"","ast-main-header-display":"","ast-hfb-above-header-display":"","ast-hfb-below-header-display":"","ast-hfb-mobile-header-display":"","site-post-title":"","ast-breadcrumbs-content":"","ast-featured-img":"","footer-sml-layout":"","theme-transparent-header-meta":"","adv-header-id-meta":"","stick-header-meta":"","header-above-stick-meta":"","header-main-stick-meta":"","header-below-stick-meta":"","astra-migrate-meta-layouts":"default","ast-page-background-enabled":"default","ast-page-background-meta":{"desktop":{"background-color":"var(--ast-global-color-4)","background-image":"","background-repeat":"repeat","background-position":"center center","background-size":"auto","background-attachment":"scroll","background-type":"","background-media":"","overlay-type":"","overlay-color":"","overlay-opacity":"","overlay-gradient":""},"tablet":{"background-color":"","background-image":"","background-repeat":"repeat","background-position":"center center","background-size":"auto","background-attachment":"scroll","background-type":"","background-media":"","overlay-type":"","overlay-color":"","overlay-opacity":"","overlay-gradient":""},"mobile":{"background-color":"","background-image":"","background-repeat":"repeat","background-position":"center center","background-size":"auto","background-attachment":"scroll","background-type":"","background-media":"","overlay-type":"","overlay-color":"","overlay-opacity":"","overlay-gradient":""}},"ast-content-background-meta":{"desktop":{"background-color":"var(--ast-global-color-5)","background-image":"","background-repeat":"repeat","background-position":"center center","background-size":"auto","background-attachment":"scroll","background-type":"","background-media":"","overlay-type":"","overlay-color":"","overlay-opacity":"","overlay-gradient":""},"tablet":{"background-color":"var(--ast-global-color-5)","background-image":"","background-repeat":"repeat","background-position":"center center","background-size":"auto","background-attachment":"scroll","background-type":"","background-media":"","overlay-type":"","overlay-color":"","overlay-opacity":"","overlay-gradient":""},"mobile":{"background-color":"var(--ast-global-color-5)","background-image":"","background-repeat":"repeat","background-position":"center center","background-size":"auto","background-attachment":"scroll","background-type":"","background-media":"","overlay-type":"","overlay-color":"","overlay-opacity":"","overlay-gradient":""}},"footnotes":""},"class_list":["post-48","page","type-page","status-publish","hentry"],"aioseo_notices":[],"_links":{"self":[{"href":"https:\/\/linjecon.no\/index.php\/wp-json\/wp\/v2\/pages\/48","targetHints":{"allow":["GET"]}}],"collection":[{"href":"https:\/\/linjecon.no\/index.php\/wp-json\/wp\/v2\/pages"}],"about":[{"href":"https:\/\/linjecon.no\/index.php\/wp-json\/wp\/v2\/types\/page"}],"author":[{"embeddable":true,"href":"https:\/\/linjecon.no\/index.php\/wp-json\/wp\/v2\/users\/1"}],"replies":[{"embeddable":true,"href":"https:\/\/linjecon.no\/index.php\/wp-json\/wp\/v2\/comments?post=48"}],"version-history":[{"count":6,"href":"https:\/\/linjecon.no\/index.php\/wp-json\/wp\/v2\/pages\/48\/revisions"}],"predecessor-version":[{"id":352,"href":"https:\/\/linjecon.no\/index.php\/wp-json\/wp\/v2\/pages\/48\/revisions\/352"}],"wp:attachment":[{"href":"https:\/\/linjecon.no\/index.php\/wp-json\/wp\/v2\/media?parent=48"}],"curies":[{"name":"wp","href":"https:\/\/api.w.org\/{rel}","templated":true}]}}